{"id":202,"date":"2024-03-25T11:57:02","date_gmt":"2024-03-25T11:57:02","guid":{"rendered":"https:\/\/nori.mintflavour.com\/?page_id=202"},"modified":"2024-06-04T15:52:02","modified_gmt":"2024-06-04T15:52:02","slug":"il-nostro-giardino","status":"publish","type":"page","link":"https:\/\/nori.mintflavour.com\/index.php\/il-nostro-giardino\/","title":{"rendered":"Progetto giardino"},"content":{"rendered":"<p>[et_pb_section fb_built=&#8221;1&#8243; _builder_version=&#8221;4.24.2&#8243; _module_preset=&#8221;default&#8221; background_color=&#8221;RGBA(255,255,255,0)&#8221; background_image=&#8221;https:\/\/nori.mintflavour.com\/wp-content\/uploads\/2024\/03\/scuola-infanzia-giardino-scaled.jpg&#8221; background_position=&#8221;top_center&#8221; background_blend=&#8221;multiply&#8221; height=&#8221;90vh&#8221; global_colors_info=&#8221;{}&#8221;][et_pb_row make_equal=&#8221;on&#8221; _builder_version=&#8221;4.24.2&#8243; _module_preset=&#8221;default&#8221; height=&#8221;100%&#8221; custom_css_main_element=&#8221;align-items: flex-end;&#8221; global_colors_info=&#8221;{}&#8221;][et_pb_column type=&#8221;4_4&#8243; _builder_version=&#8221;4.24.2&#8243; _module_preset=&#8221;default&#8221; global_colors_info=&#8221;{}&#8221;][\/et_pb_column][\/et_pb_row][\/et_pb_section][et_pb_section fb_built=&#8221;1&#8243; _builder_version=&#8221;4.21.0&#8243; _module_preset=&#8221;default&#8221; custom_padding=&#8221;||0px|||&#8221; global_colors_info=&#8221;{}&#8221;][et_pb_row _builder_version=&#8221;4.21.0&#8243; _module_preset=&#8221;default&#8221; global_colors_info=&#8221;{}&#8221;][et_pb_column type=&#8221;4_4&#8243; _builder_version=&#8221;4.21.0&#8243; _module_preset=&#8221;default&#8221; global_colors_info=&#8221;{}&#8221;][et_pb_image src=&#8221;https:\/\/nori.mintflavour.com\/wp-content\/uploads\/2024\/03\/progetto-giardino.png&#8221; title_text=&#8221;progetto-giardino&#8221; align=&#8221;center&#8221; _builder_version=&#8221;4.24.2&#8243; _module_preset=&#8221;default&#8221; global_colors_info=&#8221;{}&#8221;][\/et_pb_image][\/et_pb_column][\/et_pb_row][\/et_pb_section][et_pb_section fb_built=&#8221;1&#8243; _builder_version=&#8221;4.21.0&#8243; _module_preset=&#8221;default&#8221; custom_padding=&#8221;0px|||||&#8221; global_colors_info=&#8221;{}&#8221;][et_pb_row column_structure=&#8221;3_5,2_5&#8243; _builder_version=&#8221;4.24.2&#8243; _module_preset=&#8221;default&#8221; global_colors_info=&#8221;{}&#8221;][et_pb_column type=&#8221;3_5&#8243; _builder_version=&#8221;4.21.0&#8243; _module_preset=&#8221;default&#8221; global_colors_info=&#8221;{}&#8221;][et_pb_image src=&#8221;https:\/\/nori.mintflavour.com\/wp-content\/uploads\/2024\/03\/progetto-giardino.jpg&#8221; title_text=&#8221;progetto-giardino&#8221; _builder_version=&#8221;4.24.2&#8243; _module_preset=&#8221;default&#8221; hover_enabled=&#8221;0&#8243; border_radii=&#8221;on|50px|50px|50px|50px&#8221; global_colors_info=&#8221;{}&#8221; sticky_enabled=&#8221;0&#8243;][\/et_pb_image][\/et_pb_column][et_pb_column type=&#8221;2_5&#8243; _builder_version=&#8221;4.21.0&#8243; _module_preset=&#8221;default&#8221; global_colors_info=&#8221;{}&#8221;][et_pb_text _builder_version=&#8221;4.24.2&#8243; _module_preset=&#8221;default&#8221; global_colors_info=&#8221;{}&#8221;]La scuola dell\u2019Infanzia Nori Princivalle, come da Indicazioni Nazionali del 2012, si pone le finalit\u00e0 di promuovere nei bambini lo sviluppo dell\u2019identit\u00e0, dell\u2019autonomia, delle competenze e della cittadinanza (Indicazioni Nazionali per il curriculo, 2012).<\/p>\n<p>La scuola ed il collegio docenti da anni ha incentrato molteplici riflessioni che vedono lo spazio esterno come luogo \u201cdell\u2019abitare quotidiano\u201d, uno spazio ricco di potenzialit\u00e0 in grado di far vivere ai bambini esperienze significative all\u2019aperto, una pratica educativa consapevole e in grado di coinvolgere le famiglie, le insegnanti ed il territorio oltre che i bambini stessi.[\/et_pb_text][\/et_pb_column][\/et_pb_row][\/et_pb_section][et_pb_section fb_built=&#8221;1&#8243; _builder_version=&#8221;4.24.2&#8243; _module_preset=&#8221;default&#8221; background_enable_color=&#8221;off&#8221; background_image=&#8221;https:\/\/nori.mintflavour.com\/wp-content\/uploads\/2024\/03\/decorazione_giardino-azzurra.png&#8221; background_size=&#8221;stretch&#8221; top_divider_color=&#8221;#ffffff&#8221; top_divider_height=&#8221;66px&#8221; top_divider_repeat=&#8221;1x&#8221; top_divider_flip=&#8221;vertical&#8221; bottom_divider_color=&#8221;#ffffff&#8221; global_colors_info=&#8221;{}&#8221;][et_pb_row _builder_version=&#8221;4.24.2&#8243; _module_preset=&#8221;default&#8221; custom_padding=&#8221;50px||0px|||&#8221; global_colors_info=&#8221;{}&#8221;][et_pb_column type=&#8221;4_4&#8243; _builder_version=&#8221;4.24.2&#8243; _module_preset=&#8221;default&#8221; global_colors_info=&#8221;{}&#8221;][et_pb_text _builder_version=&#8221;4.24.2&#8243; _module_preset=&#8221;default&#8221; text_font=&#8221;|300|||||||&#8221; text_text_color=&#8221;#ffffff&#8221; text_font_size=&#8221;27px&#8221; text_line_height=&#8221;37px&#8221; custom_margin=&#8221;||1px||false|false&#8221; custom_padding=&#8221;||0px|||&#8221; global_colors_info=&#8221;{}&#8221;]Tutto il visibile \u00e8 espressione, tutta la natura \u00e8 immagine, \u00e8 il linguaggio e<br \/>\nscrittura geroglifica, con un suo colore.[\/et_pb_text][et_pb_text _builder_version=&#8221;4.24.2&#8243; _module_preset=&#8221;default&#8221; text_font=&#8221;|700|||||||&#8221; text_text_color=&#8221;#ffffff&#8221; text_font_size=&#8221;24px&#8221; text_line_height=&#8221;37px&#8221; custom_margin=&#8221;||0px|||&#8221; custom_padding=&#8221;0px|||||&#8221; global_colors_info=&#8221;{}&#8221;]<\/p>\n<p style=\"text-align: right;\">H.Hesse 1986-1990<\/p>\n<p>[\/et_pb_text][\/et_pb_column][\/et_pb_row][\/et_pb_section][et_pb_section fb_built=&#8221;1&#8243; _builder_version=&#8221;4.21.0&#8243; _module_preset=&#8221;default&#8221; global_colors_info=&#8221;{}&#8221;][et_pb_row column_structure=&#8221;1_2,1_2&#8243; _builder_version=&#8221;4.24.2&#8243; _module_preset=&#8221;default&#8221; global_colors_info=&#8221;{}&#8221;][et_pb_column type=&#8221;1_2&#8243; _builder_version=&#8221;4.21.0&#8243; _module_preset=&#8221;default&#8221; global_colors_info=&#8221;{}&#8221;][et_pb_text _builder_version=&#8221;4.24.2&#8243; _module_preset=&#8221;default&#8221; global_colors_info=&#8221;{}&#8221;]<\/p>\n<p>Da qui nasce il nostro intento volto ad una nuova riqualificazione degli spazi esterni la scuola, un progetto di giardino che rispecchiasse il nostro modo di fare scuola, una occasione di lavoro collettivo (che vede i bambini protagonisti con idee e pensieri) ed interdisciplinare, nell\u2019ottica di una costruzione di spazi che possiedano diverse caratteristiche e finalit\u00e0;<\/p>\n<p>&nbsp;<\/p>\n<ul>\n<li>Spazi che vedano il bambino al centro delle scelte educative e che vivano esperienze formative vere, con i loro modi, tempi ed interessi.<\/li>\n<\/ul>\n<ul>\n<li>Materiali e contesti che diano la possibilit\u00e0 di creare, attraverso i quali si concretizzino relazioni, scambi comunicativi e assorbimento di regole sociali, facendo dialogare ambienti educativi Outdoor e indoor.\u00a0<\/li>\n<\/ul>\n<ul>\n<li>Un collegio docenti in continua formazione e dialogo sulle pratiche agite, favorendo cos\u00ec una crescita professionale del gruppo, definendo cos\u00ec un macro contenitore tematico comune a tutte le sezioni, (infanzia e sezione Primavera), con tema <br \/>&#8220;<strong>Esplorazione dentro e fuori<\/strong>&#8220;.<br \/>Cerchiamo cos\u00ec di sostenere il processo di apprendimento esplorativo, che non coinvolge soltanto i bambini e le bambine ma anche gli adulti che hanno la responsabilit\u00e0 di educare.<\/li>\n<\/ul>\n<p>[\/et_pb_text][\/et_pb_column][et_pb_column type=&#8221;1_2&#8243; _builder_version=&#8221;4.21.0&#8243; _module_preset=&#8221;default&#8221; global_colors_info=&#8221;{}&#8221;][et_pb_image src=&#8221;https:\/\/nori.mintflavour.com\/wp-content\/uploads\/2024\/03\/esplorare.png&#8221; title_text=&#8221;esplorare&#8221; align=&#8221;center&#8221; _builder_version=&#8221;4.24.2&#8243; _module_preset=&#8221;default&#8221; global_colors_info=&#8221;{}&#8221;][\/et_pb_image][et_pb_image src=&#8221;https:\/\/nori.mintflavour.com\/wp-content\/uploads\/2024\/03\/bambini-esplorazione.jpg&#8221; title_text=&#8221;bambini-esplorazione&#8221; _builder_version=&#8221;4.24.2&#8243; _module_preset=&#8221;default&#8221; border_radii=&#8221;on|50px|50px|50px|50px&#8221; global_colors_info=&#8221;{}&#8221;][\/et_pb_image][\/et_pb_column][\/et_pb_row][\/et_pb_section][et_pb_section fb_built=&#8221;1&#8243; _builder_version=&#8221;4.24.2&#8243; _module_preset=&#8221;default&#8221; background_enable_color=&#8221;off&#8221; background_image=&#8221;https:\/\/nori.mintflavour.com\/wp-content\/uploads\/2024\/03\/progetto-decorazione_soloviola.png&#8221; background_size=&#8221;stretch&#8221; top_divider_color=&#8221;#ffffff&#8221; top_divider_height=&#8221;66px&#8221; top_divider_repeat=&#8221;1x&#8221; top_divider_flip=&#8221;vertical&#8221; bottom_divider_color=&#8221;#ffffff&#8221; global_colors_info=&#8221;{}&#8221;][et_pb_row _builder_version=&#8221;4.24.2&#8243; _module_preset=&#8221;default&#8221; custom_padding=&#8221;50px||0px|||&#8221; global_colors_info=&#8221;{}&#8221;][et_pb_column type=&#8221;4_4&#8243; _builder_version=&#8221;4.24.2&#8243; _module_preset=&#8221;default&#8221; global_colors_info=&#8221;{}&#8221;][et_pb_text _builder_version=&#8221;4.24.2&#8243; _module_preset=&#8221;default&#8221; text_font=&#8221;|300|||||||&#8221; text_text_color=&#8221;#ffffff&#8221; text_font_size=&#8221;27px&#8221; text_line_height=&#8221;37px&#8221; custom_margin=&#8221;||1px||false|false&#8221; custom_padding=&#8221;||0px|||&#8221; global_colors_info=&#8221;{}&#8221;]<\/p>\n<p style=\"text-align: center;\">Chi pi\u00f9 lontano vede, pi\u00f9 a lungo sogna.<\/p>\n<p>[\/et_pb_text][et_pb_text _builder_version=&#8221;4.24.2&#8243; _module_preset=&#8221;default&#8221; text_font=&#8221;|700|||||||&#8221; text_text_color=&#8221;#ffffff&#8221; text_font_size=&#8221;24px&#8221; text_line_height=&#8221;37px&#8221; custom_margin=&#8221;||0px|||&#8221; custom_padding=&#8221;0px||35px|||&#8221; global_colors_info=&#8221;{}&#8221;]<\/p>\n<p style=\"text-align: center;\">Marco Bonaiti<\/p>\n<p>[\/et_pb_text][\/et_pb_column][\/et_pb_row][\/et_pb_section][et_pb_section fb_built=&#8221;1&#8243; _builder_version=&#8221;4.21.0&#8243; _module_preset=&#8221;default&#8221; global_colors_info=&#8221;{}&#8221;][et_pb_row column_structure=&#8221;1_2,1_2&#8243; _builder_version=&#8221;4.24.2&#8243; _module_preset=&#8221;default&#8221; global_colors_info=&#8221;{}&#8221;][et_pb_column type=&#8221;1_2&#8243; _builder_version=&#8221;4.21.0&#8243; _module_preset=&#8221;default&#8221; global_colors_info=&#8221;{}&#8221;][et_pb_image src=&#8221;https:\/\/nori.mintflavour.com\/wp-content\/uploads\/2024\/03\/alberi.png&#8221; title_text=&#8221;alberi&#8221; align=&#8221;center&#8221; _builder_version=&#8221;4.24.2&#8243; _module_preset=&#8221;default&#8221; global_colors_info=&#8221;{}&#8221;][\/et_pb_image][\/et_pb_column][et_pb_column type=&#8221;1_2&#8243; _builder_version=&#8221;4.21.0&#8243; _module_preset=&#8221;default&#8221; global_colors_info=&#8221;{}&#8221;][et_pb_text _builder_version=&#8221;4.24.2&#8243; _module_preset=&#8221;default&#8221; global_colors_info=&#8221;{}&#8221;]Nel 2021 il nostro giardino assume un aspetto nuovo ed una nuova funzionalit\u00e0, ogni spazio \u00e8 progettato come \u201czona di lavoro ed apprendimento\u201d vere e proprie aule a \u201ccielo aperto\u201d dove i bambini hanno la possibilit\u00e0 di esprimersi, attraverso linguaggi plurimi, per apprendere e misurarsi con la scoperta e la esplorazione della natura stessa, di fare attivit\u00e0 che si intrecciano con quelle vissute all\u2019interno della scuola, rendendole maggiormente coinvolgenti e interiorizzandole in maniera completa e positiva.[\/et_pb_text][\/et_pb_column][\/et_pb_row][et_pb_row _builder_version=&#8221;4.24.2&#8243; _module_preset=&#8221;default&#8221; global_colors_info=&#8221;{}&#8221;][et_pb_column type=&#8221;4_4&#8243; _builder_version=&#8221;4.24.2&#8243; _module_preset=&#8221;default&#8221; global_colors_info=&#8221;{}&#8221;][et_pb_image src=&#8221;https:\/\/nori.mintflavour.com\/wp-content\/uploads\/2024\/03\/panorama-nuovo-giardino-scaled.jpg&#8221; title_text=&#8221;panorama-nuovo-giardino&#8221; _builder_version=&#8221;4.24.2&#8243; _module_preset=&#8221;default&#8221; border_radii=&#8221;on|50px|50px|50px|50px&#8221; global_colors_info=&#8221;{}&#8221;][\/et_pb_image][et_pb_image src=&#8221;https:\/\/nori.mintflavour.com\/wp-content\/uploads\/2024\/03\/spirali-colorate-1.png&#8221; title_text=&#8221;spirali-colorate&#8221; align=&#8221;center&#8221; _builder_version=&#8221;4.24.2&#8243; _module_preset=&#8221;default&#8221; global_colors_info=&#8221;{}&#8221;][\/et_pb_image][\/et_pb_column][\/et_pb_row][\/et_pb_section]<\/p>\n","protected":false},"excerpt":{"rendered":"<p>La scuola dell\u2019Infanzia Nori Princivalle, come da Indicazioni Nazionali del 2012, si pone le finalit\u00e0 di promuovere nei bambini lo sviluppo dell\u2019identit\u00e0, dell\u2019autonomia, delle competenze e della cittadinanza (Indicazioni Nazionali per il curriculo, 2012). La scuola ed il collegio docenti da anni ha incentrato molteplici riflessioni che vedono lo spazio esterno come luogo \u201cdell\u2019abitare quotidiano\u201d, [&hellip;]<\/p>\n","protected":false},"author":1,"featured_media":0,"parent":0,"menu_order":0,"comment_status":"closed","ping_status":"closed","template":"","meta":{"_et_pb_use_builder":"on","_et_pb_old_content":"","_et_gb_content_width":"","footnotes":""},"class_list":["post-202","page","type-page","status-publish","hentry"],"_links":{"self":[{"href":"https:\/\/nori.mintflavour.com\/index.php\/wp-json\/wp\/v2\/pages\/202","targetHints":{"allow":["GET"]}}],"collection":[{"href":"https:\/\/nori.mintflavour.com\/index.php\/wp-json\/wp\/v2\/pages"}],"about":[{"href":"https:\/\/nori.mintflavour.com\/index.php\/wp-json\/wp\/v2\/types\/page"}],"author":[{"embeddable":true,"href":"https:\/\/nori.mintflavour.com\/index.php\/wp-json\/wp\/v2\/users\/1"}],"replies":[{"embeddable":true,"href":"https:\/\/nori.mintflavour.com\/index.php\/wp-json\/wp\/v2\/comments?post=202"}],"version-history":[{"count":6,"href":"https:\/\/nori.mintflavour.com\/index.php\/wp-json\/wp\/v2\/pages\/202\/revisions"}],"predecessor-version":[{"id":249,"href":"https:\/\/nori.mintflavour.com\/index.php\/wp-json\/wp\/v2\/pages\/202\/revisions\/249"}],"wp:attachment":[{"href":"https:\/\/nori.mintflavour.com\/index.php\/wp-json\/wp\/v2\/media?parent=202"}],"curies":[{"name":"wp","href":"https:\/\/api.w.org\/{rel}","templated":true}]}}