{"id":33,"date":"2023-05-11T07:39:18","date_gmt":"2023-05-11T07:39:18","guid":{"rendered":"https:\/\/nori.mintflavour.com\/?page_id=33"},"modified":"2024-06-04T15:51:32","modified_gmt":"2024-06-04T15:51:32","slug":"la-nostra-storia","status":"publish","type":"page","link":"https:\/\/nori.mintflavour.com\/index.php\/la-nostra-storia\/","title":{"rendered":"La nostra storia"},"content":{"rendered":"<p>[et_pb_section fb_built=&#8221;1&#8243; _builder_version=&#8221;4.24.2&#8243; _module_preset=&#8221;default&#8221; background_color=&#8221;rgba(2,0,10,0.1)&#8221; background_image=&#8221;https:\/\/nori.mintflavour.com\/wp-content\/uploads\/2024\/06\/storia-scuola-infanzia-verona.png&#8221; background_blend=&#8221;multiply&#8221; height=&#8221;70vh&#8221; hover_enabled=&#8221;0&#8243; global_colors_info=&#8221;{}&#8221; title_text=&#8221;storia-scuola-infanzia-verona&#8221; sticky_enabled=&#8221;0&#8243;][et_pb_row make_equal=&#8221;on&#8221; _builder_version=&#8221;4.24.2&#8243; _module_preset=&#8221;default&#8221; height=&#8221;100%&#8221; custom_css_main_element=&#8221;align-items: flex-end;&#8221; global_colors_info=&#8221;{}&#8221;][et_pb_column type=&#8221;4_4&#8243; _builder_version=&#8221;4.24.2&#8243; _module_preset=&#8221;default&#8221; global_colors_info=&#8221;{}&#8221;][et_pb_text _builder_version=&#8221;4.24.2&#8243; _module_preset=&#8221;default&#8221; header_font=&#8221;|700|||||||&#8221; header_text_color=&#8221;#ffffff&#8221; header_font_size=&#8221;50px&#8221; global_colors_info=&#8221;{}&#8221;]<\/p>\n<h1 style=\"text-align: center;\">La nostra storia<\/h1>\n<p>[\/et_pb_text][\/et_pb_column][\/et_pb_row][\/et_pb_section][et_pb_section fb_built=&#8221;1&#8243; _builder_version=&#8221;4.21.0&#8243; _module_preset=&#8221;default&#8221; custom_padding=&#8221;||0px|||&#8221; global_colors_info=&#8221;{}&#8221;][et_pb_row column_structure=&#8221;1_5,3_5,1_5&#8243; _builder_version=&#8221;4.21.0&#8243; _module_preset=&#8221;default&#8221; global_colors_info=&#8221;{}&#8221;][et_pb_column type=&#8221;1_5&#8243; _builder_version=&#8221;4.21.0&#8243; _module_preset=&#8221;default&#8221; global_colors_info=&#8221;{}&#8221;][et_pb_image src=&#8221;https:\/\/nori.mintflavour.com\/wp-content\/uploads\/2024\/03\/sole.png&#8221; title_text=&#8221;sole&#8221; _builder_version=&#8221;4.24.2&#8243; _module_preset=&#8221;default&#8221; global_colors_info=&#8221;{}&#8221;][\/et_pb_image][\/et_pb_column][et_pb_column type=&#8221;3_5&#8243; _builder_version=&#8221;4.21.0&#8243; _module_preset=&#8221;default&#8221; global_colors_info=&#8221;{}&#8221;][et_pb_text _builder_version=&#8221;4.24.2&#8243; _module_preset=&#8221;default&#8221; global_colors_info=&#8221;{}&#8221;]<\/p>\n<p class=\"p1\">La scuola dell\u2019Infanzia Nori Princivalle \u00e8 stata fondata nel 1952 grazie alla donazione della struttura da parte della signora Marina Nori Princivalle e all\u2019intervento del Parroco Don Luigi Barbazeni.<\/p>\n<p>[\/et_pb_text][\/et_pb_column][et_pb_column type=&#8221;1_5&#8243; _builder_version=&#8221;4.21.0&#8243; _module_preset=&#8221;default&#8221; global_colors_info=&#8221;{}&#8221;][et_pb_image src=&#8221;https:\/\/nori.mintflavour.com\/wp-content\/uploads\/2024\/03\/acquilone-azzurro.png&#8221; title_text=&#8221;acquilone azzurro&#8221; _builder_version=&#8221;4.24.2&#8243; _module_preset=&#8221;default&#8221; global_colors_info=&#8221;{}&#8221;][\/et_pb_image][\/et_pb_column][\/et_pb_row][\/et_pb_section][et_pb_section fb_built=&#8221;1&#8243; _builder_version=&#8221;4.21.0&#8243; _module_preset=&#8221;default&#8221; custom_padding=&#8221;0px|||||&#8221; global_colors_info=&#8221;{}&#8221;][et_pb_row column_structure=&#8221;2_5,3_5&#8243; _builder_version=&#8221;4.21.0&#8243; _module_preset=&#8221;default&#8221; global_colors_info=&#8221;{}&#8221;][et_pb_column type=&#8221;2_5&#8243; _builder_version=&#8221;4.21.0&#8243; _module_preset=&#8221;default&#8221; global_colors_info=&#8221;{}&#8221;][et_pb_text _builder_version=&#8221;4.24.2&#8243; _module_preset=&#8221;default&#8221; global_colors_info=&#8221;{}&#8221;]<\/p>\n<p class=\"p1\">La missione educativa e la direzione della scuola \u00e8 stata affidata alle Suore di Ges\u00f9 Buon Pastore sino al 2004 momento in cui la scuola \u00e8 stata affidata ad una conduzione laica.<\/p>\n<p class=\"p1\">La scuola Nori Princivalle dall\u2019 anno 1977 \u00e8 divenuta scuola aderente alla FISM (Federazione Italiana Scuole Materne) e offre un servizio pubblico all\u2019interno del sistema integrato dell\u2019istruzione.<\/p>\n<p>[\/et_pb_text][et_pb_image src=&#8221;https:\/\/nori.mintflavour.com\/wp-content\/uploads\/2024\/03\/spirale-verde.png&#8221; title_text=&#8221;spirale verde&#8221; _builder_version=&#8221;4.24.2&#8243; _module_preset=&#8221;default&#8221; global_colors_info=&#8221;{}&#8221;][\/et_pb_image][\/et_pb_column][et_pb_column type=&#8221;3_5&#8243; _builder_version=&#8221;4.21.0&#8243; _module_preset=&#8221;default&#8221; global_colors_info=&#8221;{}&#8221;][et_pb_image src=&#8221;https:\/\/nori.mintflavour.com\/wp-content\/uploads\/2024\/03\/scuola-infanzia-paritaria-verona-scaled.jpg&#8221; title_text=&#8221;scuola-infanzia-paritaria-verona&#8221; _builder_version=&#8221;4.24.2&#8243; _module_preset=&#8221;default&#8221; border_radii=&#8221;on|50px|50px|50px|50px&#8221; global_colors_info=&#8221;{}&#8221;][\/et_pb_image][\/et_pb_column][\/et_pb_row][\/et_pb_section][et_pb_section fb_built=&#8221;1&#8243; _builder_version=&#8221;4.24.2&#8243; _module_preset=&#8221;default&#8221; background_enable_color=&#8221;off&#8221; background_image=&#8221;https:\/\/nori.mintflavour.com\/wp-content\/uploads\/2024\/03\/decorazione-verde.png&#8221; background_size=&#8221;stretch&#8221; top_divider_color=&#8221;#ffffff&#8221; top_divider_height=&#8221;66px&#8221; top_divider_repeat=&#8221;1x&#8221; top_divider_flip=&#8221;vertical&#8221; bottom_divider_color=&#8221;#ffffff&#8221; global_colors_info=&#8221;{}&#8221;][et_pb_row _builder_version=&#8221;4.24.2&#8243; _module_preset=&#8221;default&#8221; custom_padding=&#8221;50px|||||&#8221; global_colors_info=&#8221;{}&#8221;][et_pb_column type=&#8221;4_4&#8243; _builder_version=&#8221;4.24.2&#8243; _module_preset=&#8221;default&#8221; global_colors_info=&#8221;{}&#8221;][et_pb_text _builder_version=&#8221;4.24.2&#8243; _module_preset=&#8221;default&#8221; text_font=&#8221;|300|||||||&#8221; text_text_color=&#8221;#ffffff&#8221; text_font_size=&#8221;27px&#8221; text_line_height=&#8221;37px&#8221; custom_margin=&#8221;||||false|false&#8221; custom_padding=&#8221;||0px|||&#8221; global_colors_info=&#8221;{}&#8221;]<\/p>\n<p>Non tutti possiamo fare grandi cose, ma possiamo fare piccole cose con grande amore.<\/p>\n<p>[\/et_pb_text][et_pb_text _builder_version=&#8221;4.24.2&#8243; _module_preset=&#8221;default&#8221; text_font=&#8221;|700|||||||&#8221; text_text_color=&#8221;#ffffff&#8221; text_font_size=&#8221;24px&#8221; text_line_height=&#8221;37px&#8221; custom_margin=&#8221;||0px|||&#8221; custom_padding=&#8221;0px|||||&#8221; global_colors_info=&#8221;{}&#8221;]<\/p>\n<p style=\"text-align: center;\">Madre Teresa di Calcutta<\/p>\n<p>[\/et_pb_text][\/et_pb_column][\/et_pb_row][\/et_pb_section][et_pb_section fb_built=&#8221;1&#8243; _builder_version=&#8221;4.21.0&#8243; _module_preset=&#8221;default&#8221; global_colors_info=&#8221;{}&#8221;][et_pb_row column_structure=&#8221;1_2,1_2&#8243; _builder_version=&#8221;4.24.2&#8243; _module_preset=&#8221;default&#8221; global_colors_info=&#8221;{}&#8221;][et_pb_column type=&#8221;1_2&#8243; _builder_version=&#8221;4.21.0&#8243; _module_preset=&#8221;default&#8221; global_colors_info=&#8221;{}&#8221;][et_pb_image src=&#8221;https:\/\/nori.mintflavour.com\/wp-content\/uploads\/2024\/03\/giardino-scuola-infanzia.jpg&#8221; title_text=&#8221;giardino-scuola-infanzia&#8221; _builder_version=&#8221;4.24.2&#8243; _module_preset=&#8221;default&#8221; border_radii=&#8221;on|50px|50px|50px|50px&#8221; global_colors_info=&#8221;{}&#8221;][\/et_pb_image][\/et_pb_column][et_pb_column type=&#8221;1_2&#8243; _builder_version=&#8221;4.21.0&#8243; _module_preset=&#8221;default&#8221; global_colors_info=&#8221;{}&#8221;][et_pb_text _builder_version=&#8221;4.24.2&#8243; _module_preset=&#8221;default&#8221; global_colors_info=&#8221;{}&#8221;]<\/p>\n<p class=\"p1\">Le scuole associate alla Fism veronese rappresentano l&#8217;80% delle scuole dell\u2019infanzia paritarie esistenti nella provincia e sono presenti in in 69 comuni della provincia.<\/p>\n<p class=\"p1\">Sono gestite nella maggior parte dei casi da Comitati Genitori, che in modo volontario si assumono la responsabilit\u00e0 della gestione consci che se la famiglia \u00e8 la sede prima dell\u2019educazione dei bambini, la scuola dell\u2019infanzia \u00e8 un aiuto prezioso per sviluppare in modo globale ed equilibrato la personalit\u00e0 dei bambini e, pertanto, va sostenuta con coraggio.<\/p>\n<p>[\/et_pb_text][et_pb_image src=&#8221;https:\/\/nori.mintflavour.com\/wp-content\/uploads\/2024\/03\/azzurro.png&#8221; title_text=&#8221;azzurro&#8221; align=&#8221;right&#8221; _builder_version=&#8221;4.24.2&#8243; _module_preset=&#8221;default&#8221; global_colors_info=&#8221;{}&#8221;][\/et_pb_image][\/et_pb_column][\/et_pb_row][\/et_pb_section]<\/p>\n","protected":false},"excerpt":{"rendered":"<p>La nostra storiaLa scuola dell\u2019Infanzia Nori Princivalle \u00e8 stata fondata nel 1952 grazie alla donazione della struttura da parte della signora Marina Nori Princivalle e all\u2019intervento del Parroco Don Luigi Barbazeni.La missione educativa e la direzione della scuola \u00e8 stata affidata alle Suore di Ges\u00f9 Buon Pastore sino al 2004 momento in cui la scuola [&hellip;]<\/p>\n","protected":false},"author":1,"featured_media":0,"parent":0,"menu_order":0,"comment_status":"closed","ping_status":"closed","template":"","meta":{"_et_pb_use_builder":"on","_et_pb_old_content":"","_et_gb_content_width":"","footnotes":""},"class_list":["post-33","page","type-page","status-publish","hentry"],"_links":{"self":[{"href":"https:\/\/nori.mintflavour.com\/index.php\/wp-json\/wp\/v2\/pages\/33","targetHints":{"allow":["GET"]}}],"collection":[{"href":"https:\/\/nori.mintflavour.com\/index.php\/wp-json\/wp\/v2\/pages"}],"about":[{"href":"https:\/\/nori.mintflavour.com\/index.php\/wp-json\/wp\/v2\/types\/page"}],"author":[{"embeddable":true,"href":"https:\/\/nori.mintflavour.com\/index.php\/wp-json\/wp\/v2\/users\/1"}],"replies":[{"embeddable":true,"href":"https:\/\/nori.mintflavour.com\/index.php\/wp-json\/wp\/v2\/comments?post=33"}],"version-history":[{"count":14,"href":"https:\/\/nori.mintflavour.com\/index.php\/wp-json\/wp\/v2\/pages\/33\/revisions"}],"predecessor-version":[{"id":248,"href":"https:\/\/nori.mintflavour.com\/index.php\/wp-json\/wp\/v2\/pages\/33\/revisions\/248"}],"wp:attachment":[{"href":"https:\/\/nori.mintflavour.com\/index.php\/wp-json\/wp\/v2\/media?parent=33"}],"curies":[{"name":"wp","href":"https:\/\/api.w.org\/{rel}","templated":true}]}}