{"id":43,"date":"2023-05-11T08:10:12","date_gmt":"2023-05-11T08:10:12","guid":{"rendered":"https:\/\/nori.mintflavour.com\/?page_id=43"},"modified":"2024-03-25T14:24:50","modified_gmt":"2024-03-25T14:24:50","slug":"il-nostro-metodo-educativo","status":"publish","type":"page","link":"https:\/\/nori.mintflavour.com\/index.php\/il-nostro-metodo-educativo\/","title":{"rendered":"Il nostro metodo educativo"},"content":{"rendered":"<p>[et_pb_section fb_built=&#8221;1&#8243; _builder_version=&#8221;4.24.2&#8243; _module_preset=&#8221;default&#8221; background_color=&#8221;rgba(0,0,0,0.3)&#8221; background_image=&#8221;https:\/\/nori.mintflavour.com\/wp-content\/uploads\/2024\/03\/metodo-educativo-scuola-infanzia-verona.png&#8221; background_blend=&#8221;multiply&#8221; height=&#8221;70vh&#8221; global_colors_info=&#8221;{}&#8221;][et_pb_row make_equal=&#8221;on&#8221; _builder_version=&#8221;4.24.2&#8243; _module_preset=&#8221;default&#8221; height=&#8221;100%&#8221; custom_css_main_element=&#8221;align-items: flex-end;&#8221; global_colors_info=&#8221;{}&#8221;][et_pb_column type=&#8221;4_4&#8243; _builder_version=&#8221;4.24.2&#8243; _module_preset=&#8221;default&#8221; global_colors_info=&#8221;{}&#8221;][et_pb_text _builder_version=&#8221;4.24.2&#8243; _module_preset=&#8221;default&#8221; header_font=&#8221;|700|||||||&#8221; header_text_color=&#8221;#ffffff&#8221; header_font_size=&#8221;50px&#8221; global_colors_info=&#8221;{}&#8221;]<\/p>\n<h1 style=\"text-align: center;\">Il nostro metodo<\/h1>\n<p>[\/et_pb_text][\/et_pb_column][\/et_pb_row][\/et_pb_section][et_pb_section fb_built=&#8221;1&#8243; _builder_version=&#8221;4.21.0&#8243; _module_preset=&#8221;default&#8221; global_colors_info=&#8221;{}&#8221;][et_pb_row column_structure=&#8221;1_2,1_2&#8243; _builder_version=&#8221;4.24.2&#8243; _module_preset=&#8221;default&#8221; global_colors_info=&#8221;{}&#8221;][et_pb_column type=&#8221;1_2&#8243; _builder_version=&#8221;4.21.0&#8243; _module_preset=&#8221;default&#8221; global_colors_info=&#8221;{}&#8221;][et_pb_image src=&#8221;https:\/\/nori.mintflavour.com\/wp-content\/uploads\/2024\/03\/come.png&#8221; title_text=&#8221;come&#8221; align=&#8221;right&#8221; _builder_version=&#8221;4.24.2&#8243; _module_preset=&#8221;default&#8221; global_colors_info=&#8221;{}&#8221;][\/et_pb_image][et_pb_image src=&#8221;https:\/\/nori.mintflavour.com\/wp-content\/uploads\/2024\/03\/outdoor-education-scuola-infanzia.jpg&#8221; title_text=&#8221;outdoor-education-scuola-infanzia&#8221; _builder_version=&#8221;4.24.2&#8243; _module_preset=&#8221;default&#8221; border_radii=&#8221;on|50px|50px|50px|50px&#8221; global_colors_info=&#8221;{}&#8221;][\/et_pb_image][\/et_pb_column][et_pb_column type=&#8221;1_2&#8243; _builder_version=&#8221;4.21.0&#8243; _module_preset=&#8221;default&#8221; global_colors_info=&#8221;{}&#8221;][et_pb_text _builder_version=&#8221;4.24.2&#8243; _module_preset=&#8221;default&#8221; global_colors_info=&#8221;{}&#8221;]<\/p>\n<p>Il nostro pensiero e stile educativo, l\u2019agire pedagogico, le buone prassi messe in atto, ogni nostra scelta, si basano sui valori che qui espressi e sono racchiusi nella \u201cMission\u201d della scuola:<\/p>\n<ul>\n<li>favorire l\u2019inclusione concorrendo all\u2019educazione e allo sviluppo armonico ed integrale della persona, considerata protagonista dei processi di apprendimento, nel rispetto e individualizzazione dei personali ritmi evoluti;<\/li>\n<li>individuare percorsi educativi adeguati ai bisogni ed utilizzare strategie metodologie al passo con i tempi;<\/li>\n<li>essere testimoni del comandamento dell\u2019amore;<\/li>\n<li>essere scuola di comunit\u00e1 luogo di incontro e dialogo tra le famiglie e le professionalit\u00e1 educative sull\u2019esperienza pedagogica dei figli andando a creare una comunit\u00e1 educante che generi occasioni formative per tutti coloro che operano nella scuola e con la scuola.<\/li>\n<\/ul>\n<p>&nbsp;<\/p>\n<p>[\/et_pb_text][\/et_pb_column][\/et_pb_row][\/et_pb_section][et_pb_section fb_built=&#8221;1&#8243; _builder_version=&#8221;4.21.0&#8243; _module_preset=&#8221;default&#8221; custom_padding=&#8221;0px|||||&#8221; global_colors_info=&#8221;{}&#8221;][et_pb_row column_structure=&#8221;1_2,1_2&#8243; _builder_version=&#8221;4.24.2&#8243; _module_preset=&#8221;default&#8221; global_colors_info=&#8221;{}&#8221;][et_pb_column type=&#8221;1_2&#8243; _builder_version=&#8221;4.21.0&#8243; _module_preset=&#8221;default&#8221; global_colors_info=&#8221;{}&#8221;][et_pb_image src=&#8221;https:\/\/nori.mintflavour.com\/wp-content\/uploads\/2024\/03\/spirali-colorate.png&#8221; title_text=&#8221;spirali colorate&#8221; align=&#8221;right&#8221; _builder_version=&#8221;4.24.2&#8243; _module_preset=&#8221;default&#8221; global_colors_info=&#8221;{}&#8221;][\/et_pb_image][\/et_pb_column][et_pb_column type=&#8221;1_2&#8243; _builder_version=&#8221;4.21.0&#8243; _module_preset=&#8221;default&#8221; global_colors_info=&#8221;{}&#8221;][et_pb_text _builder_version=&#8221;4.24.2&#8243; _module_preset=&#8221;default&#8221; global_colors_info=&#8221;{}&#8221;]<\/p>\n<p>La nostra metodologia si basa sulla ricerca e sulla sperimentazione educativa che diventano l&#8217;approccio, l&#8217;atteggiamento con cui le insegnanti \u201csi avvicinano al senso e al significato della vita\u201d(Rinaldi), costruendo insieme ai bambini percorsi di conoscenza e riflessione.<\/p>\n<p>L&#8217;azione educativa si costruisce a partire dal bambino \u201cdobbiamo dare molto credito alle potenzialit\u00e0, alle virt\u00f9 che i bambini possiedono, dobbiamo convincerci che i bambini, come tutti noi, possiedono virt\u00f9 pi\u00f9 forti di quelle che finora ci hanno raccontato, che possediamo tutti, noi e i bambini, potenzialit\u00e0 pi\u00f9 forti di quanto ci accreditino\u201d(Malaguzzi).<\/p>\n<p>[\/et_pb_text][\/et_pb_column][\/et_pb_row][\/et_pb_section][et_pb_section fb_built=&#8221;1&#8243; _builder_version=&#8221;4.24.2&#8243; _module_preset=&#8221;default&#8221; background_enable_color=&#8221;off&#8221; background_image=&#8221;https:\/\/nori.mintflavour.com\/wp-content\/uploads\/2024\/03\/decorazione-blu.png&#8221; background_size=&#8221;stretch&#8221; top_divider_color=&#8221;#ffffff&#8221; top_divider_height=&#8221;66px&#8221; top_divider_repeat=&#8221;1x&#8221; top_divider_flip=&#8221;vertical&#8221; bottom_divider_color=&#8221;#ffffff&#8221; global_colors_info=&#8221;{}&#8221;][et_pb_row _builder_version=&#8221;4.24.2&#8243; _module_preset=&#8221;default&#8221; custom_padding=&#8221;90px|||||&#8221; global_colors_info=&#8221;{}&#8221;][et_pb_column type=&#8221;4_4&#8243; _builder_version=&#8221;4.24.2&#8243; _module_preset=&#8221;default&#8221; global_colors_info=&#8221;{}&#8221;][et_pb_text _builder_version=&#8221;4.24.2&#8243; _module_preset=&#8221;default&#8221; text_font=&#8221;|300|||||||&#8221; text_text_color=&#8221;#ffffff&#8221; text_font_size=&#8221;27px&#8221; text_line_height=&#8221;37px&#8221; min_height=&#8221;117px&#8221; custom_margin=&#8221;||1px|||&#8221; custom_padding=&#8221;||0px|||&#8221; global_colors_info=&#8221;{}&#8221;]<\/p>\n<p>Mettere il bambino in una situazione che gli permetta di vivere la propria espressivit\u00e0 motoria non \u00e8 una moda, non riempie una carenza dovuta alla vita sociale, ma \u00e8 una necessit\u00e0, o meglio un bisogno che l\u2019educazione scopre indispensabile a garantire il rispetto dei legami esistenti tra il pensiero emozionalmente vivo ed il pensiero organizzato.<\/p>\n<p>[\/et_pb_text][et_pb_text _builder_version=&#8221;4.24.2&#8243; _module_preset=&#8221;default&#8221; text_font=&#8221;|700|||||||&#8221; text_text_color=&#8221;#ffffff&#8221; text_font_size=&#8221;24px&#8221; text_line_height=&#8221;37px&#8221; custom_margin=&#8221;||0px|||&#8221; custom_padding=&#8221;1px|||||&#8221; global_colors_info=&#8221;{}&#8221;]<\/p>\n<p style=\"text-align: right;\">Bernard Aucouturier<\/p>\n<p>[\/et_pb_text][\/et_pb_column][\/et_pb_row][\/et_pb_section][et_pb_section fb_built=&#8221;1&#8243; _builder_version=&#8221;4.21.0&#8243; _module_preset=&#8221;default&#8221; custom_padding=&#8221;||0px|||&#8221; global_colors_info=&#8221;{}&#8221;][et_pb_row column_structure=&#8221;1_2,1_2&#8243; _builder_version=&#8221;4.24.2&#8243; _module_preset=&#8221;default&#8221; global_colors_info=&#8221;{}&#8221;][et_pb_column type=&#8221;1_2&#8243; _builder_version=&#8221;4.21.0&#8243; _module_preset=&#8221;default&#8221; global_colors_info=&#8221;{}&#8221;][et_pb_text _builder_version=&#8221;4.24.2&#8243; _module_preset=&#8221;default&#8221; global_colors_info=&#8221;{}&#8221;]<\/p>\n<p>In quest&#8217;ottica sia l&#8217;insegnante che il bambino sono accomunati dalla ricerca di senso e significato.<\/p>\n<p>Il collegio docenti attraverso l\u2019azione educativa intende sostenere e valorizzare le intelligenze multiple (Howard Gardner) cos\u00ec da consentire l\u2019espressione di s\u00e8, valorizzare l\u2019individualit\u00e0 come risorsa nel gruppo e al contempo l\u2019acquisizione di differenti competenze.<\/p>\n<p>Il bambino a scuola non \u00e9 solo ma bens\u00ed si trova inserito in un ambiente prosociale.<\/p>\n<p>[\/et_pb_text][\/et_pb_column][et_pb_column type=&#8221;1_2&#8243; _builder_version=&#8221;4.21.0&#8243; _module_preset=&#8221;default&#8221; global_colors_info=&#8221;{}&#8221;][et_pb_image src=&#8221;https:\/\/nori.mintflavour.com\/wp-content\/uploads\/2024\/03\/fiori-mazzo.png&#8221; title_text=&#8221;fiori mazzo&#8221; align=&#8221;right&#8221; _builder_version=&#8221;4.24.2&#8243; _module_preset=&#8221;default&#8221; global_colors_info=&#8221;{}&#8221;][\/et_pb_image][\/et_pb_column][\/et_pb_row][\/et_pb_section][et_pb_section fb_built=&#8221;1&#8243; _builder_version=&#8221;4.24.2&#8243; _module_preset=&#8221;default&#8221; background_enable_color=&#8221;off&#8221; background_image=&#8221;https:\/\/nori.mintflavour.com\/wp-content\/uploads\/2024\/03\/decorazione-arancione.png&#8221; background_size=&#8221;stretch&#8221; top_divider_color=&#8221;#ffffff&#8221; top_divider_height=&#8221;66px&#8221; top_divider_repeat=&#8221;1x&#8221; top_divider_flip=&#8221;vertical&#8221; bottom_divider_color=&#8221;#ffffff&#8221; global_colors_info=&#8221;{}&#8221;][et_pb_row _builder_version=&#8221;4.24.2&#8243; _module_preset=&#8221;default&#8221; custom_padding=&#8221;90px||||false|false&#8221; global_colors_info=&#8221;{}&#8221;][et_pb_column type=&#8221;4_4&#8243; _builder_version=&#8221;4.24.2&#8243; _module_preset=&#8221;default&#8221; global_colors_info=&#8221;{}&#8221;][et_pb_text _builder_version=&#8221;4.24.2&#8243; _module_preset=&#8221;default&#8221; text_font=&#8221;|300|||||||&#8221; text_text_color=&#8221;#9a031e&#8221; text_font_size=&#8221;27px&#8221; text_line_height=&#8221;37px&#8221; min_height=&#8221;117px&#8221; custom_margin=&#8221;||1px|||&#8221; custom_padding=&#8221;||0px|||&#8221; global_colors_info=&#8221;{}&#8221;]<\/p>\n<p>Il gruppo \u00e8 qualche cosa di pi\u00f9, o per meglio dire di diverso dalla somma dei suoi membri (..) quello che ne costituisce l\u2019essenza non \u00e8 la somiglianza o dissomiglianza tra i suoi membri, bens\u00ec la loro interdipendenza.<\/p>\n<p>[\/et_pb_text][et_pb_text _builder_version=&#8221;4.24.2&#8243; _module_preset=&#8221;default&#8221; text_font=&#8221;|700|||||||&#8221; text_text_color=&#8221;#9a031e&#8221; text_font_size=&#8221;24px&#8221; text_line_height=&#8221;37px&#8221; custom_margin=&#8221;||0px|||&#8221; custom_padding=&#8221;0px|||||&#8221; global_colors_info=&#8221;{}&#8221;]<\/p>\n<p style=\"text-align: right;\">K. Lewin<\/p>\n<p>[\/et_pb_text][\/et_pb_column][\/et_pb_row][\/et_pb_section][et_pb_section fb_built=&#8221;1&#8243; _builder_version=&#8221;4.21.0&#8243; _module_preset=&#8221;default&#8221; global_colors_info=&#8221;{}&#8221;][et_pb_row column_structure=&#8221;1_2,1_2&#8243; _builder_version=&#8221;4.24.2&#8243; _module_preset=&#8221;default&#8221; global_colors_info=&#8221;{}&#8221;][et_pb_column type=&#8221;1_2&#8243; _builder_version=&#8221;4.21.0&#8243; _module_preset=&#8221;default&#8221; global_colors_info=&#8221;{}&#8221;][et_pb_image src=&#8221;https:\/\/nori.mintflavour.com\/wp-content\/uploads\/2024\/03\/cooperare.png&#8221; title_text=&#8221;cooperare&#8221; align=&#8221;right&#8221; _builder_version=&#8221;4.24.2&#8243; _module_preset=&#8221;default&#8221; global_colors_info=&#8221;{}&#8221;][\/et_pb_image][et_pb_image src=&#8221;https:\/\/nori.mintflavour.com\/wp-content\/uploads\/2024\/03\/bambini-al-centro.png&#8221; title_text=&#8221;bambini-al-centro&#8221; align=&#8221;right&#8221; _builder_version=&#8221;4.24.2&#8243; _module_preset=&#8221;default&#8221; global_colors_info=&#8221;{}&#8221;][\/et_pb_image][\/et_pb_column][et_pb_column type=&#8221;1_2&#8243; _builder_version=&#8221;4.21.0&#8243; _module_preset=&#8221;default&#8221; global_colors_info=&#8221;{}&#8221;][et_pb_text _builder_version=&#8221;4.24.2&#8243; _module_preset=&#8221;default&#8221; global_colors_info=&#8221;{}&#8221;]<\/p>\n<p>Per noi una delle chiavi per riuscire a stare bene nel gruppo e sentirsi riconosciuti \u00e9 il saper COOPERARE:<\/p>\n<p>\u201cIl gruppo \u00e8 qualche cosa di pi\u00f9, o per meglio dire di diverso dalla somma dei suoi membri (..) quello che ne costituisce l&#8217;essenza non \u00e8 la somiglianza o dissomiglianza tra i suoi membri, bens\u00ec la loro interdipendenza\u201d (K. Lewin)<\/p>\n<p>Per noi cooperare significa: essere squadra, mettere in gioco le proprie competenze, mettere a disposizione del gruppo i propri talenti; restare in ascolto dell&#8217;altro mettendosi al servizio nel rispetto dei differenti ruoli per giungere alla costruzione di un armonioso ambiente educativo.<\/p>\n<p>Il collegio docenti intende promuovere: Gioco, Sperimentazioni, Ricerche, Sensibilizzazione ai vari linguaggi, Relazioni-aggregazioni spontanee o organizzare; l\u2019osservazione, l\u2019ascolto, la cura.<\/p>\n<p>[\/et_pb_text][\/et_pb_column][\/et_pb_row][\/et_pb_section]<\/p>\n","protected":false},"excerpt":{"rendered":"<p>Il nostro metodoIl nostro pensiero e stile educativo, l\u2019agire pedagogico, le buone prassi messe in atto, ogni nostra scelta, si basano sui valori che qui espressi e sono racchiusi nella \u201cMission\u201d della scuola: favorire l\u2019inclusione concorrendo all\u2019educazione e allo sviluppo armonico ed integrale della persona, considerata protagonista dei processi di apprendimento, nel rispetto e individualizzazione [&hellip;]<\/p>\n","protected":false},"author":1,"featured_media":0,"parent":0,"menu_order":0,"comment_status":"closed","ping_status":"closed","template":"","meta":{"_et_pb_use_builder":"on","_et_pb_old_content":"","_et_gb_content_width":"","footnotes":""},"class_list":["post-43","page","type-page","status-publish","hentry"],"_links":{"self":[{"href":"https:\/\/nori.mintflavour.com\/index.php\/wp-json\/wp\/v2\/pages\/43","targetHints":{"allow":["GET"]}}],"collection":[{"href":"https:\/\/nori.mintflavour.com\/index.php\/wp-json\/wp\/v2\/pages"}],"about":[{"href":"https:\/\/nori.mintflavour.com\/index.php\/wp-json\/wp\/v2\/types\/page"}],"author":[{"embeddable":true,"href":"https:\/\/nori.mintflavour.com\/index.php\/wp-json\/wp\/v2\/users\/1"}],"replies":[{"embeddable":true,"href":"https:\/\/nori.mintflavour.com\/index.php\/wp-json\/wp\/v2\/comments?post=43"}],"version-history":[{"count":13,"href":"https:\/\/nori.mintflavour.com\/index.php\/wp-json\/wp\/v2\/pages\/43\/revisions"}],"predecessor-version":[{"id":237,"href":"https:\/\/nori.mintflavour.com\/index.php\/wp-json\/wp\/v2\/pages\/43\/revisions\/237"}],"wp:attachment":[{"href":"https:\/\/nori.mintflavour.com\/index.php\/wp-json\/wp\/v2\/media?parent=43"}],"curies":[{"name":"wp","href":"https:\/\/api.w.org\/{rel}","templated":true}]}}