{"id":9,"date":"2023-05-11T06:32:25","date_gmt":"2023-05-11T06:32:25","guid":{"rendered":"https:\/\/nori.mintflavour.com\/?page_id=9"},"modified":"2024-06-04T15:50:32","modified_gmt":"2024-06-04T15:50:32","slug":"home-page","status":"publish","type":"page","link":"https:\/\/nori.mintflavour.com\/","title":{"rendered":"Home page"},"content":{"rendered":"<p>[et_pb_section fb_built=&#8221;1&#8243; _builder_version=&#8221;4.24.2&#8243; _module_preset=&#8221;default&#8221; background_color=&#8221;rgba(10,10,10,0.15)&#8221; background_image=&#8221;https:\/\/nori.mintflavour.com\/wp-content\/uploads\/2024\/03\/scuola-infanzia-storia-scaled-e1717516178177.jpg&#8221; background_blend=&#8221;multiply&#8221; height=&#8221;90vh&#8221; hover_enabled=&#8221;0&#8243; global_colors_info=&#8221;{}&#8221; title_text=&#8221;scuola-infanzia-storia&#8221; background_position=&#8221;bottom_center&#8221; sticky_enabled=&#8221;0&#8243;][et_pb_row column_structure=&#8221;1_2,1_2&#8243; make_equal=&#8221;on&#8221; _builder_version=&#8221;4.24.2&#8243; _module_preset=&#8221;default&#8221; background_enable_image=&#8221;off&#8221; background_size=&#8221;custom&#8221; background_position=&#8221;center_left&#8221; width=&#8221;95%&#8221; max_width=&#8221;100%&#8221; module_alignment=&#8221;center&#8221; height=&#8221;100%&#8221; custom_css_main_element=&#8221;align-items: center;&#8221; global_colors_info=&#8221;{}&#8221;][et_pb_column type=&#8221;1_2&#8243; _builder_version=&#8221;4.24.2&#8243; _module_preset=&#8221;default&#8221; background_enable_image=&#8221;off&#8221; global_colors_info=&#8221;{}&#8221;][\/et_pb_column][et_pb_column type=&#8221;1_2&#8243; _builder_version=&#8221;4.24.2&#8243; _module_preset=&#8221;default&#8221; global_colors_info=&#8221;{}&#8221;][et_pb_text _builder_version=&#8221;4.24.2&#8243; _module_preset=&#8221;default&#8221; header_font=&#8221;|600|||||||&#8221; header_text_color=&#8221;#ffffff&#8221; header_font_size=&#8221;3vw&#8221; header_2_text_color=&#8221;#ffffff&#8221; header_2_font_size=&#8221;4vw&#8221; header_font_size_tablet=&#8221;7.7vw&#8221; header_font_size_phone=&#8221;7.7vw&#8221; header_font_size_last_edited=&#8221;on|phone&#8221; header_2_font_size_tablet=&#8221;10vw&#8221; header_2_font_size_phone=&#8221;10vw&#8221; header_2_font_size_last_edited=&#8221;on|tablet&#8221; global_colors_info=&#8221;{}&#8221;]<\/p>\n<h1 style=\"text-align: right;\">Scuola dell&#8217;infanzia<\/h1>\n<h2 style=\"text-align: right;\">Nori Princivalle<\/h2>\n<p>[\/et_pb_text][\/et_pb_column][\/et_pb_row][\/et_pb_section][et_pb_section fb_built=&#8221;1&#8243; _builder_version=&#8221;4.21.0&#8243; _module_preset=&#8221;default&#8221; global_colors_info=&#8221;{}&#8221;][et_pb_row column_structure=&#8221;3_5,2_5&#8243; make_equal=&#8221;on&#8221; _builder_version=&#8221;4.24.2&#8243; _module_preset=&#8221;default&#8221; width=&#8221;90%&#8221; module_alignment=&#8221;center&#8221; custom_padding=&#8221;||50px|||&#8221; global_colors_info=&#8221;{}&#8221;][et_pb_column type=&#8221;3_5&#8243; _builder_version=&#8221;4.21.0&#8243; _module_preset=&#8221;default&#8221; global_colors_info=&#8221;{}&#8221;][et_pb_text _builder_version=&#8221;4.24.2&#8243; _module_preset=&#8221;default&#8221; header_2_font=&#8221;|600|||||||&#8221; header_2_text_color=&#8221;#3652AD&#8221; header_2_font_size=&#8221;40px&#8221; background_image=&#8221;https:\/\/nori.mintflavour.com\/wp-content\/uploads\/2024\/03\/chi.png&#8221; background_size=&#8221;initial&#8221; background_position=&#8221;top_left&#8221; custom_padding=&#8221;|||180px|false|false&#8221; global_colors_info=&#8221;{}&#8221;]<\/p>\n<h2><\/h2>\n<h2><\/h2>\n<h2>La scuola dell&#8217;infanzia<br \/>Nori Princivalle<\/h2>\n<p>La Scuola dell\u2019Infanzia Paritaria Nori Princivalle, accoglie tutti i bambini nel rispetto dei principi ispiratori della scuola paritaria di radici cristiane vive ancora oggi.<br \/>E\u2019 situata nel quartiere Borgo Milano-Stadio, ubicata in , vicino alla parrocchia Maria Immacolata con la quale stringe una forte collaborazione.<\/p>\n<p>[\/et_pb_text][\/et_pb_column][et_pb_column type=&#8221;2_5&#8243; _builder_version=&#8221;4.21.0&#8243; _module_preset=&#8221;default&#8221; global_colors_info=&#8221;{}&#8221;][et_pb_image src=&#8221;https:\/\/nori.mintflavour.com\/wp-content\/uploads\/2023\/05\/scuola-infanzia-verona.jpg&#8221; alt=&#8221;Outdoor education alla scuola dell&#8217;infanzia a Verona&#8221; title_text=&#8221;scuola-infanzia-verona&#8221; _builder_version=&#8221;4.24.2&#8243; _module_preset=&#8221;default&#8221; border_radii=&#8221;on|50px|50px|50px|50px&#8221; global_colors_info=&#8221;{}&#8221;][\/et_pb_image][\/et_pb_column][\/et_pb_row][et_pb_row column_structure=&#8221;2_5,3_5&#8243; make_equal=&#8221;on&#8221; _builder_version=&#8221;4.24.2&#8243; _module_preset=&#8221;default&#8221; width=&#8221;90%&#8221; module_alignment=&#8221;center&#8221; global_colors_info=&#8221;{}&#8221;][et_pb_column type=&#8221;2_5&#8243; _builder_version=&#8221;4.21.0&#8243; _module_preset=&#8221;default&#8221; global_colors_info=&#8221;{}&#8221;][et_pb_image src=&#8221;https:\/\/nori.mintflavour.com\/wp-content\/uploads\/2024\/03\/decorazione.png&#8221; title_text=&#8221;decorazione&#8221; _builder_version=&#8221;4.24.2&#8243; _module_preset=&#8221;default&#8221; global_colors_info=&#8221;{}&#8221;][\/et_pb_image][\/et_pb_column][et_pb_column type=&#8221;3_5&#8243; _builder_version=&#8221;4.21.0&#8243; _module_preset=&#8221;default&#8221; global_colors_info=&#8221;{}&#8221;][et_pb_text _builder_version=&#8221;4.24.2&#8243; _module_preset=&#8221;default&#8221; global_colors_info=&#8221;{}&#8221;]<\/p>\n<p>Gli iscritti sono 100 bambini e bambine, la scuola \u00e8 costituita da<br \/>quattro sezioni di infanzia formata da gruppi eterogenei per et\u00e0 e<br \/>una sezione primavera che ospita bambini di due anni.<\/p>\n<p>Siamo una scuola che intende stare al passo con i tempi,<br \/>accogliendo le esigenze dei bambini e delle loro famiglie<br \/>attraverso la messa in gioco in prima persona di un equipe<br \/>educativa motivata, competente, in continua ricerca, aperta alla<br \/>sperimentazione e all\u2019attuazione di metodologie educative<br \/>all\u2019avanguardia.<\/p>\n<p>L\u2019ispirazione cristiana della scuola si esprime attraverso: una<br \/>proposta educativa armoniosa e globale nel rispetto dei diritti dei<br \/>bambini e dei loro specifici bisogni nell\u2019intendo di valorizzare la<br \/>ricchezza e unicit\u00e0 della persona.<\/p>\n<p>Tutto il personale si impegna nella quotidianit\u00e0 ad essere<br \/>testimone dei valori cristiani, garantendo un insegnamento che<br \/>insieme ad una valenza didattica assicura anche la trasmissione<br \/>di valori come il valore della vita, accoglienza, tolleranza e pace.<\/p>\n<p>[\/et_pb_text][\/et_pb_column][\/et_pb_row][\/et_pb_section][et_pb_section fb_built=&#8221;1&#8243; _builder_version=&#8221;4.24.2&#8243; _module_preset=&#8221;default&#8221; background_enable_color=&#8221;off&#8221; background_image=&#8221;https:\/\/nori.mintflavour.com\/wp-content\/uploads\/2024\/03\/decorazione-verde-acqua.png&#8221; background_size=&#8221;stretch&#8221; top_divider_height=&#8221;66px&#8221; top_divider_repeat=&#8221;1x&#8221; top_divider_flip=&#8221;vertical&#8221; global_colors_info=&#8221;{}&#8221;][et_pb_row _builder_version=&#8221;4.24.2&#8243; _module_preset=&#8221;default&#8221; custom_padding=&#8221;50px|||||&#8221; global_colors_info=&#8221;{}&#8221;][et_pb_column type=&#8221;4_4&#8243; _builder_version=&#8221;4.24.2&#8243; _module_preset=&#8221;default&#8221; global_colors_info=&#8221;{}&#8221;][et_pb_text _builder_version=&#8221;4.24.2&#8243; _module_preset=&#8221;default&#8221; text_font=&#8221;|300|||||||&#8221; text_text_color=&#8221;#ffffff&#8221; text_font_size=&#8221;27px&#8221; text_line_height=&#8221;37px&#8221; min_height=&#8221;117px&#8221; custom_margin=&#8221;||1px|||&#8221; custom_padding=&#8221;50px|||||&#8221; global_colors_info=&#8221;{}&#8221;]<\/p>\n<p>Dobbiamo dare molto credito alle potenzialit\u00e0, alle virt\u00f9 che i bambini possiedono, dobbiamo convincerci che i bambini, come tutti noi, possiedono virt\u00f9 pi\u00f9 forti di quelle che finora ci hanno raccontato, che possediamo tutti, noi e i bambini, potenzialit\u00e0 pi\u00f9 forti di quanto ci accreditino.<\/p>\n<p>[\/et_pb_text][et_pb_text _builder_version=&#8221;4.24.2&#8243; _module_preset=&#8221;default&#8221; text_font=&#8221;|700|||||||&#8221; text_text_color=&#8221;#ffffff&#8221; text_font_size=&#8221;24px&#8221; text_line_height=&#8221;37px&#8221; min_height=&#8221;80px&#8221; custom_margin=&#8221;||50px|||&#8221; custom_padding=&#8221;30px|||||&#8221; global_colors_info=&#8221;{}&#8221;]<\/p>\n<p style=\"text-align: right;\">Loris Malaguzzi<\/p>\n<p>[\/et_pb_text][\/et_pb_column][\/et_pb_row][\/et_pb_section][et_pb_section fb_built=&#8221;1&#8243; _builder_version=&#8221;4.21.0&#8243; _module_preset=&#8221;default&#8221; background_color=&#8221;#FFFFFF&#8221; custom_padding=&#8221;60px|||||&#8221; global_colors_info=&#8221;{}&#8221;][et_pb_row _builder_version=&#8221;4.21.0&#8243; _module_preset=&#8221;default&#8221; global_colors_info=&#8221;{}&#8221;][et_pb_column type=&#8221;4_4&#8243; _builder_version=&#8221;4.21.0&#8243; _module_preset=&#8221;default&#8221; global_colors_info=&#8221;{}&#8221;][et_pb_image src=&#8221;https:\/\/nori.mintflavour.com\/wp-content\/uploads\/2024\/03\/i-nostri-valori.png&#8221; title_text=&#8221;i-nostri-valori&#8221; align=&#8221;center&#8221; _builder_version=&#8221;4.24.2&#8243; _module_preset=&#8221;default&#8221; global_colors_info=&#8221;{}&#8221;][\/et_pb_image][\/et_pb_column][\/et_pb_row][et_pb_row column_structure=&#8221;1_2,1_2&#8243; _builder_version=&#8221;4.24.2&#8243; _module_preset=&#8221;default&#8221; global_colors_info=&#8221;{}&#8221;][et_pb_column type=&#8221;1_2&#8243; _builder_version=&#8221;4.21.0&#8243; _module_preset=&#8221;default&#8221; global_colors_info=&#8221;{}&#8221;][et_pb_image src=&#8221;https:\/\/nori.mintflavour.com\/wp-content\/uploads\/2024\/03\/i-nostri-valori_cura-scaled.jpg&#8221; title_text=&#8221;i-nostri-valori_cura&#8221; _builder_version=&#8221;4.24.2&#8243; _module_preset=&#8221;default&#8221; max_width=&#8221;100%&#8221; min_height=&#8221;400px&#8221; height=&#8221;400px&#8221; custom_css_main_element=&#8221;object-fit: fill;&#8221; border_radii=&#8221;off|20px|100px|20px|&#8221; global_colors_info=&#8221;{}&#8221;][\/et_pb_image][et_pb_text _builder_version=&#8221;4.24.2&#8243; _module_preset=&#8221;default&#8221; header_3_font=&#8221;|600|||||||&#8221; header_3_text_color=&#8221;#FF7000&#8243; header_3_font_size=&#8221;40px&#8221; custom_margin=&#8221;||20px||false|false&#8221; global_colors_info=&#8221;{}&#8221;]<\/p>\n<h3>Cura<\/h3>\n<p>[\/et_pb_text][et_pb_text _builder_version=&#8221;4.24.2&#8243; _module_preset=&#8221;default&#8221; global_colors_info=&#8221;{}&#8221;]<\/p>\n<p>Verso i piccoli, attraverso:<br \/>l\u2019accoglienza del bambino e della sua storia.<br \/>L\u2019ascolto e la lettura dei bisogni.<br \/>Il contatto con la natura e gli animali.<br \/>L\u2019attenzione all\u2019alimentazione.<\/p>\n<p>[\/et_pb_text][\/et_pb_column][et_pb_column type=&#8221;1_2&#8243; _builder_version=&#8221;4.21.0&#8243; _module_preset=&#8221;default&#8221; global_colors_info=&#8221;{}&#8221;][et_pb_image src=&#8221;https:\/\/nori.mintflavour.com\/wp-content\/uploads\/2023\/05\/rinnovamento-educativo-scuola-infanzia-verona.jpg&#8221; title_text=&#8221;rinnovamento-educativo-scuola-infanzia-verona&#8221; _builder_version=&#8221;4.24.2&#8243; _module_preset=&#8221;default&#8221; max_width=&#8221;100%&#8221; min_height=&#8221;400px&#8221; height=&#8221;400px&#8221; custom_css_main_element=&#8221;object-fit: fill;&#8221; border_radii=&#8221;off|20px|100px|20px|&#8221; global_colors_info=&#8221;{}&#8221;][\/et_pb_image][et_pb_text _builder_version=&#8221;4.24.2&#8243; _module_preset=&#8221;default&#8221; header_3_font=&#8221;|600|||||||&#8221; header_3_text_color=&#8221;#00A3FF&#8221; header_3_font_size=&#8221;40px&#8221; custom_margin=&#8221;||20px||false|false&#8221; global_colors_info=&#8221;{}&#8221;]<\/p>\n<h3>Rinnovamento<\/h3>\n<p>[\/et_pb_text][et_pb_text _builder_version=&#8221;4.24.2&#8243; _module_preset=&#8221;default&#8221; global_colors_info=&#8221;{}&#8221;]<\/p>\n<p>CHE SI TRADUCE IN SCELTE METODOLOGICHE VOLTE ALLA:<br \/>Riflessione, Sperimentazione, Ricerca.<br \/>Innovazione.<br \/>Cambiamento.<br \/>Apertura al territorio.<br \/>Educare i bambini alla &#8220;scelta&#8221; attraverso contesti pensati e creati ad hoc.<\/p>\n<p>[\/et_pb_text][\/et_pb_column][\/et_pb_row][et_pb_row column_structure=&#8221;1_2,1_2&#8243; _builder_version=&#8221;4.24.2&#8243; _module_preset=&#8221;default&#8221; global_colors_info=&#8221;{}&#8221;][et_pb_column type=&#8221;1_2&#8243; _builder_version=&#8221;4.21.0&#8243; _module_preset=&#8221;default&#8221; global_colors_info=&#8221;{}&#8221;][et_pb_image src=&#8221;https:\/\/nori.mintflavour.com\/wp-content\/uploads\/2024\/03\/valore-del-servizio-scaled.jpg&#8221; title_text=&#8221;valore-del-servizio&#8221; _builder_version=&#8221;4.24.2&#8243; _module_preset=&#8221;default&#8221; max_width=&#8221;100%&#8221; min_height=&#8221;400px&#8221; height=&#8221;400px&#8221; custom_css_main_element=&#8221;object-fit: fill;&#8221; border_radii=&#8221;off|20px|100px|20px|&#8221; global_colors_info=&#8221;{}&#8221;][\/et_pb_image][et_pb_text _builder_version=&#8221;4.24.2&#8243; _module_preset=&#8221;default&#8221; header_3_font=&#8221;|600|||||||&#8221; header_3_text_color=&#8221;#DC0073&#8243; header_3_font_size=&#8221;40px&#8221; custom_margin=&#8221;||20px||false|false&#8221; global_colors_info=&#8221;{}&#8221;]<\/p>\n<h3>Servizio<\/h3>\n<p>[\/et_pb_text][et_pb_text _builder_version=&#8221;4.24.2&#8243; _module_preset=&#8221;default&#8221; global_colors_info=&#8221;{}&#8221;]Verso la <span style=\"color:#DC0073;\">FAMIGLIA:<\/span><br \/>\nCondivisione.<br \/>\nAllenaza Educativa.<br \/>\nSportello d\u2019ascolto.<br \/>\nIncontri formativi-laboratoriali.<\/p>\n<p>Verso il <span style=\"color:#DC0073;\">BAMBINO<\/span> nella fascia di et\u00e0 0-6:<br \/>\nIncontri a tema.<br \/>\nLaboratori.<br \/>\nConsulenze psicopedagogiche.[\/et_pb_text][\/et_pb_column][et_pb_column type=&#8221;1_2&#8243; _builder_version=&#8221;4.21.0&#8243; _module_preset=&#8221;default&#8221; global_colors_info=&#8221;{}&#8221;][et_pb_image src=&#8221;https:\/\/nori.mintflavour.com\/wp-content\/uploads\/2024\/03\/valore-corresponsabilita.jpg&#8221; title_text=&#8221;valore-corresponsabilita&#8221; _builder_version=&#8221;4.24.2&#8243; _module_preset=&#8221;default&#8221; width=&#8221;100%&#8221; max_width=&#8221;100%&#8221; min_height=&#8221;400px&#8221; height=&#8221;400px&#8221; border_radii=&#8221;off|20px|100px|20px|&#8221; global_colors_info=&#8221;{}&#8221;][\/et_pb_image][et_pb_text _builder_version=&#8221;4.24.2&#8243; _module_preset=&#8221;default&#8221; header_3_font=&#8221;|600|||||||&#8221; header_3_text_color=&#8221;#00BAB4&#8243; header_3_font_size=&#8221;40px&#8221; custom_margin=&#8221;||20px||false|false&#8221; global_colors_info=&#8221;{}&#8221;]<\/p>\n<h3>Corresponsabilit\u00e0<\/h3>\n<p>[\/et_pb_text][et_pb_text _builder_version=&#8221;4.24.2&#8243; _module_preset=&#8221;default&#8221; global_colors_info=&#8221;{}&#8221;]Intesa come messa in gioco all\u2019interno del proprio<br \/>\nruolo di insegnante della propria professionalit\u00e0 con<br \/>\ncura, facendosi testimone dei principi cristiani per<br \/>\ncreare legami fiduciari con la famiglia che potr\u00e0 vivere<br \/>\nla scuola come luogo di incontro, supporto e<br \/>\npartecipazione.[\/et_pb_text][\/et_pb_column][\/et_pb_row][\/et_pb_section][et_pb_section fb_built=&#8221;1&#8243; _builder_version=&#8221;4.24.2&#8243; _module_preset=&#8221;default&#8221; background_enable_color=&#8221;off&#8221; background_image=&#8221;https:\/\/nori.mintflavour.com\/wp-content\/uploads\/2024\/03\/decorazione-viola-gialla.png&#8221; background_size=&#8221;stretch&#8221; custom_padding=&#8221;||120px|||&#8221; top_divider_color=&#8221;#ffffff&#8221; top_divider_height=&#8221;66px&#8221; top_divider_repeat=&#8221;1x&#8221; top_divider_flip=&#8221;vertical&#8221; bottom_divider_color=&#8221;#ffffff&#8221; background_last_edited=&#8221;on|desktop&#8221; background_size_tablet=&#8221;custom&#8221; global_colors_info=&#8221;{}&#8221;][et_pb_row _builder_version=&#8221;4.24.2&#8243; _module_preset=&#8221;default&#8221; width=&#8221;90%&#8221; custom_padding=&#8221;50px|||||&#8221; global_colors_info=&#8221;{}&#8221;][et_pb_column type=&#8221;4_4&#8243; _builder_version=&#8221;4.24.2&#8243; _module_preset=&#8221;default&#8221; global_colors_info=&#8221;{}&#8221;][et_pb_text _builder_version=&#8221;4.24.2&#8243; _module_preset=&#8221;default&#8221; text_font=&#8221;|300|||||||&#8221; text_text_color=&#8221;#860078&#8243; text_font_size=&#8221;27px&#8221; text_line_height=&#8221;37px&#8221; min_height=&#8221;117px&#8221; custom_margin=&#8221;||1px|||&#8221; custom_padding=&#8221;||0px|||&#8221; global_colors_info=&#8221;{}&#8221;]<\/p>\n<p>Un golfo ci vuole sempre\u2026per gli uomini, per i bambini, per le donne, \u00e8 un posto<br \/>racchiuso, \u00e8 un posto pi\u00f9 silenzioso, un posto dove si pu\u00f2 pensare di pi\u00f9 e meglio.<\/p>\n<p>[\/et_pb_text][et_pb_text _builder_version=&#8221;4.24.2&#8243; _module_preset=&#8221;default&#8221; text_font=&#8221;|700|||||||&#8221; text_text_color=&#8221;#ffffff&#8221; text_font_size=&#8221;24px&#8221; text_line_height=&#8221;37px&#8221; custom_margin=&#8221;||0px|||&#8221; custom_padding=&#8221;30px|||||&#8221; global_colors_info=&#8221;{}&#8221;]<\/p>\n<p style=\"text-align: right;\">Loris Malaguzzi<\/p>\n<p>[\/et_pb_text][\/et_pb_column][\/et_pb_row][\/et_pb_section][et_pb_section fb_built=&#8221;1&#8243; _builder_version=&#8221;4.21.0&#8243; _module_preset=&#8221;default&#8221; global_colors_info=&#8221;{}&#8221;][et_pb_row _builder_version=&#8221;4.21.0&#8243; _module_preset=&#8221;default&#8221; global_colors_info=&#8221;{}&#8221;][et_pb_column type=&#8221;4_4&#8243; _builder_version=&#8221;4.21.0&#8243; _module_preset=&#8221;default&#8221; global_colors_info=&#8221;{}&#8221;][et_pb_image src=&#8221;https:\/\/nori.mintflavour.com\/wp-content\/uploads\/2024\/03\/eventi-e-news.png&#8221; title_text=&#8221;eventi e news&#8221; _builder_version=&#8221;4.24.2&#8243; _module_preset=&#8221;default&#8221; global_colors_info=&#8221;{}&#8221;][\/et_pb_image][\/et_pb_column][\/et_pb_row][\/et_pb_section]<\/p>\n","protected":false},"excerpt":{"rendered":"<p>Scuola dell&#8217;infanzia Nori Princivalle La scuola dell&#8217;infanziaNori Princivalle La Scuola dell\u2019Infanzia Paritaria Nori Princivalle, accoglie tutti i bambini nel rispetto dei principi ispiratori della scuola paritaria di radici cristiane vive ancora oggi.E\u2019 situata nel quartiere Borgo Milano-Stadio, ubicata in , vicino alla parrocchia Maria Immacolata con la quale stringe una forte collaborazione.Gli iscritti sono 100 [&hellip;]<\/p>\n","protected":false},"author":1,"featured_media":0,"parent":0,"menu_order":0,"comment_status":"closed","ping_status":"closed","template":"","meta":{"_et_pb_use_builder":"on","_et_pb_old_content":"","_et_gb_content_width":"","footnotes":""},"class_list":["post-9","page","type-page","status-publish","hentry"],"_links":{"self":[{"href":"https:\/\/nori.mintflavour.com\/index.php\/wp-json\/wp\/v2\/pages\/9","targetHints":{"allow":["GET"]}}],"collection":[{"href":"https:\/\/nori.mintflavour.com\/index.php\/wp-json\/wp\/v2\/pages"}],"about":[{"href":"https:\/\/nori.mintflavour.com\/index.php\/wp-json\/wp\/v2\/types\/page"}],"author":[{"embeddable":true,"href":"https:\/\/nori.mintflavour.com\/index.php\/wp-json\/wp\/v2\/users\/1"}],"replies":[{"embeddable":true,"href":"https:\/\/nori.mintflavour.com\/index.php\/wp-json\/wp\/v2\/comments?post=9"}],"version-history":[{"count":42,"href":"https:\/\/nori.mintflavour.com\/index.php\/wp-json\/wp\/v2\/pages\/9\/revisions"}],"predecessor-version":[{"id":245,"href":"https:\/\/nori.mintflavour.com\/index.php\/wp-json\/wp\/v2\/pages\/9\/revisions\/245"}],"wp:attachment":[{"href":"https:\/\/nori.mintflavour.com\/index.php\/wp-json\/wp\/v2\/media?parent=9"}],"curies":[{"name":"wp","href":"https:\/\/api.w.org\/{rel}","templated":true}]}}